{"id":230384,"date":"2023-06-05T12:56:05","date_gmt":"2023-06-05T12:56:05","guid":{"rendered":"https:\/\/vila-vysehrad.com\/?page_id=230384"},"modified":"2023-06-13T15:35:35","modified_gmt":"2023-06-13T15:35:35","slug":"pro-firmy","status":"publish","type":"page","link":"https:\/\/vila-vysehrad.com\/de\/pro-firmy\/","title":{"rendered":"F\u00fcr Firmen"},"content":{"rendered":"<p>[et_pb_section fb_built=&#8220;1&#8243; custom_padding_last_edited=&#8220;off|desktop&#8220; admin_label=&#8220;1&#8243; _builder_version=&#8220;4.21.0&#8243; background_enable_color=&#8220;off&#8220; use_background_color_gradient=&#8220;on&#8220; background_color_gradient_stops=&#8220;rgba(0,0,0,0.51) 0%|rgba(0,0,0,0.51) 100%&#8220; background_color_gradient_overlays_image=&#8220;on&#8220; background_image=&#8220;https:\/\/vila-vysehrad.com\/wp-content\/uploads\/2023\/06\/LAN_0955-min.jpg&#8220; custom_padding=&#8220;160px|0px|80px|0px|false|&#8220; custom_padding_tablet=&#8220;320px|0px|0px|0px&#8220; box_shadow_style=&#8220;preset7&#8243; box_shadow_horizontal=&#8220;0px&#8220; box_shadow_vertical=&#8220;-236px&#8220; box_shadow_color=&#8220;#ffffff&#8220; global_colors_info=&#8220;{}&#8220;][et_pb_row _builder_version=&#8220;4.16&#8243; custom_padding=&#8220;|0px|56px|0px|false|false&#8220; global_colors_info=&#8220;{}&#8220;][et_pb_column type=&#8220;4_4&#8243; _builder_version=&#8220;4.16&#8243; custom_padding=&#8220;|||&#8220; global_colors_info=&#8220;{}&#8220; custom_padding__hover=&#8220;|||&#8220;][et_pb_divider color=&#8220;#C1B086&#8243; divider_weight=&#8220;4px&#8220; _builder_version=&#8220;4.21.0&#8243; max_width=&#8220;70px&#8220; module_alignment=&#8220;center&#8220; global_colors_info=&#8220;{}&#8220;][\/et_pb_divider][et_pb_text _builder_version=&#8220;4.21.0&#8243; text_font=&#8220;Questrial||||||||&#8220; text_text_color=&#8220;#ffffff&#8220; text_font_size=&#8220;31px&#8220; text_orientation=&#8220;center&#8220; custom_margin=&#8220;-20px||||false|false&#8220; custom_margin_tablet=&#8220;-20px||||false|false&#8220; custom_margin_phone=&#8220;-20px||||false|false&#8220; custom_margin_last_edited=&#8220;on|desktop&#8220; text_font_size_tablet=&#8220;&#8220; text_font_size_phone=&#8220;20px&#8220; text_font_size_last_edited=&#8220;on|desktop&#8220; global_colors_info=&#8220;{}&#8220;]<\/p>\n<p>M\u00edsto pro va\u0161e firemn\u00ed akce<\/p>\n<p>[\/et_pb_text][et_pb_text _builder_version=&#8220;4.21.0&#8243; text_font=&#8220;Poppins|300|||||||&#8220; text_text_color=&#8220;#ffffff&#8220; text_font_size=&#8220;16px&#8220; text_line_height=&#8220;1.8em&#8220; text_orientation=&#8220;center&#8220; max_width=&#8220;45%&#8220; max_width_tablet=&#8220;80%&#8220; max_width_phone=&#8220;90%&#8220; max_width_last_edited=&#8220;on|desktop&#8220; module_alignment=&#8220;center&#8220; custom_margin=&#8220;-13px||&#8220; custom_padding=&#8220;0px||&#8220; global_colors_info=&#8220;{}&#8220;]<\/p>\n<p><span>Bez ohledu na to, zda pl\u00e1nujete \u0161kolen\u00ed, semin\u00e1\u0159, teambuilding, banket, raut nebo grilov\u00e1n\u00ed, m\u00e1me v\u0161e, co pot\u0159ebujete pro uspo\u0159\u00e1d\u00e1n\u00ed \u00fasp\u011b\u0161n\u00e9 a p\u0159\u00edjemn\u00e9 ud\u00e1losti.<\/span><\/p>\n<p>[\/et_pb_text][\/et_pb_column][\/et_pb_row][et_pb_row column_structure=&#8220;1_3,1_3,1_3&#8243; make_equal=&#8220;on&#8220; admin_label=&#8220;1&#8243; _builder_version=&#8220;4.21.0&#8243; background_color=&#8220;#f4f4f4&#8243; width=&#8220;92%&#8220; max_width=&#8220;1170px&#8220; custom_margin=&#8220;|||&#8220; custom_padding=&#8220;60px|4%|60px|4%|true|true&#8220; global_colors_info=&#8220;{}&#8220;][et_pb_column type=&#8220;1_3&#8243; _builder_version=&#8220;4.16&#8243; custom_padding=&#8220;|||&#8220; global_colors_info=&#8220;{}&#8220; custom_padding__hover=&#8220;|||&#8220;][et_pb_blurb title=&#8220;Ide\u00e1ln\u00ed poloha&#8220; image=&#8220;https:\/\/vila-vysehrad.com\/wp-content\/uploads\/2023\/05\/star.png&#8220; image_icon_width=&#8220;23%&#8220; admin_label=&#8220;1&#8243; _builder_version=&#8220;4.21.0&#8243; header_level=&#8220;h6&#8243; header_font=&#8220;Questrial|600|||||||&#8220; header_text_color=&#8220;#2b2a29&#8243; header_font_size=&#8220;18px&#8220; header_line_height=&#8220;1.5em&#8220; body_font=&#8220;Poppins|300|||||||&#8220; body_text_color=&#8220;#5f6060&#8243; body_font_size=&#8220;15px&#8220; body_line_height=&#8220;1.8em&#8220; text_orientation=&#8220;center&#8220; custom_padding=&#8220;|29px||29px||true&#8220; animation_style=&#8220;slide&#8220; animation_direction=&#8220;left&#8220; animation=&#8220;off&#8220; image_max_width=&#8220;46%&#8220; global_colors_info=&#8220;{}&#8220;]<\/p>\n<p>Atmosf\u00e9ra \u010cesk\u00e9ho Krumlova a na\u0161eho rodinn\u00e9ho penzionu tvo\u0159\u00ed skv\u011bl\u00e9 podm\u00ednky pro uspo\u0159\u00e1d\u00e1n\u00ed \u00fasp\u011b\u0161n\u00e9 firemn\u00ed akce.<\/p>\n<p>[\/et_pb_blurb][\/et_pb_column][et_pb_column type=&#8220;1_3&#8243; _builder_version=&#8220;4.16&#8243; custom_padding=&#8220;|||&#8220; global_colors_info=&#8220;{}&#8220; custom_padding__hover=&#8220;|||&#8220;][et_pb_blurb title=&#8220;Catering&#8220; image=&#8220;https:\/\/vila-vysehrad.com\/wp-content\/uploads\/2023\/05\/star.png&#8220; image_icon_width=&#8220;23%&#8220; admin_label=&#8220;1&#8243; _builder_version=&#8220;4.21.0&#8243; header_level=&#8220;h6&#8243; header_font=&#8220;Questrial|600|||||||&#8220; header_text_color=&#8220;#2b2a29&#8243; header_font_size=&#8220;18px&#8220; header_line_height=&#8220;1.5em&#8220; body_font=&#8220;Poppins|300|||||||&#8220; body_text_color=&#8220;#5f6060&#8243; body_font_size=&#8220;15px&#8220; body_line_height=&#8220;1.8em&#8220; text_orientation=&#8220;center&#8220; custom_padding=&#8220;|29px||29px||true&#8220; animation_style=&#8220;slide&#8220; animation_direction=&#8220;right&#8220; animation_delay=&#8220;200ms&#8220; animation=&#8220;off&#8220; image_max_width=&#8220;46%&#8220; global_colors_info=&#8220;{}&#8220;]<\/p>\n<p><span>Zajist\u00edme \u0161irokou \u0161k\u00e1lu gastronomick\u00fdch mo\u017enost\u00ed, kter\u00e9 uspokoj\u00ed va\u0161e n\u00e1ro\u010dn\u00e9 po\u017eadavky. Ob\u010derstven\u00ed p\u0159izp\u016fsob\u00edme typu va\u0161\u00ed ud\u00e1losti.<\/span><\/p>\n<p>[\/et_pb_blurb][\/et_pb_column][et_pb_column type=&#8220;1_3&#8243; _builder_version=&#8220;4.16&#8243; custom_padding=&#8220;|||&#8220; global_colors_info=&#8220;{}&#8220; custom_padding__hover=&#8220;|||&#8220;][et_pb_blurb title=&#8220;Profesionalita&#8220; image=&#8220;https:\/\/vila-vysehrad.com\/wp-content\/uploads\/2023\/05\/star.png&#8220; image_icon_width=&#8220;23%&#8220; admin_label=&#8220;1&#8243; _builder_version=&#8220;4.21.0&#8243; header_level=&#8220;h6&#8243; header_font=&#8220;Questrial|600|||||||&#8220; header_text_color=&#8220;#2b2a29&#8243; header_font_size=&#8220;18px&#8220; header_line_height=&#8220;1.5em&#8220; body_font=&#8220;Poppins|300|||||||&#8220; body_text_color=&#8220;#5f6060&#8243; body_font_size=&#8220;15px&#8220; body_line_height=&#8220;1.8em&#8220; text_orientation=&#8220;center&#8220; custom_padding=&#8220;|29px||29px||true&#8220; animation_style=&#8220;slide&#8220; animation_direction=&#8220;right&#8220; animation_delay=&#8220;400ms&#8220; animation=&#8220;off&#8220; image_max_width=&#8220;46%&#8220; global_colors_info=&#8220;{}&#8220;]<\/p>\n<p><span> N\u00e1\u0161 t\u00fdm profesion\u00e1l\u016f je p\u0159ipraven v\u00e1m pomoci s ve\u0161ker\u00fdmi organiza\u010dn\u00edmi po\u017eadavky. Jsme vybaveni nezbytnou technikou pro prezentace a \u0161kolen\u00ed. <\/span><\/p>\n<p>[\/et_pb_blurb][\/et_pb_column][\/et_pb_row][\/et_pb_section][et_pb_section fb_built=&#8220;1&#8243; custom_padding_last_edited=&#8220;on|desktop&#8220; _builder_version=&#8220;4.21.0&#8243; custom_padding=&#8220;0px||0px||false|false&#8220; custom_padding_tablet=&#8220;&#8220; custom_padding_phone=&#8220;||30px||false|false&#8220; global_colors_info=&#8220;{}&#8220;][et_pb_row column_structure=&#8220;1_2,1_2&#8243; use_custom_gutter=&#8220;on&#8220; gutter_width=&#8220;2&#8243; make_equal=&#8220;on&#8220; custom_padding_last_edited=&#8220;on|desktop&#8220; _builder_version=&#8220;4.21.0&#8243; width=&#8220;92%&#8220; width_tablet=&#8220;90%&#8220; width_phone=&#8220;90%&#8220; width_last_edited=&#8220;on|tablet&#8220; max_width=&#8220;1170px&#8220; max_width_tablet=&#8220;90%&#8220; max_width_phone=&#8220;90%&#8220; max_width_last_edited=&#8220;on|tablet&#8220; custom_padding=&#8220;100px||100px||true|&#8220; custom_padding_tablet=&#8220;&#8220; custom_padding_phone=&#8220;||60px||false|false&#8220; global_colors_info=&#8220;{}&#8220;][et_pb_column type=&#8220;1_2&#8243; _builder_version=&#8220;4.21.0&#8243; background_image=&#8220;https:\/\/vila-vysehrad.com\/wp-content\/uploads\/2023\/06\/LAN_0901-min.jpg&#8220; box_shadow_style=&#8220;preset1&#8243; box_shadow_vertical=&#8220;38px&#8220; box_shadow_blur=&#8220;64px&#8220; box_shadow_color=&#8220;rgba(102,102,102,0.3)&#8220; global_colors_info=&#8220;{}&#8220;][et_pb_divider show_divider=&#8220;off&#8220; disabled_on=&#8220;off|off|on&#8220; _builder_version=&#8220;4.21.0&#8243; custom_padding=&#8220;30%||30%||true|false&#8220; global_colors_info=&#8220;{}&#8220;][\/et_pb_divider][\/et_pb_column][et_pb_column type=&#8220;1_2&#8243; _builder_version=&#8220;4.16&#8243; custom_padding=&#8220;70px||70px|70px|true|false&#8220; custom_padding_tablet=&#8220;&#8220; custom_padding_phone=&#8220;|||0px|false|false&#8220; custom_padding_last_edited=&#8220;on|desktop&#8220; global_colors_info=&#8220;{}&#8220;][et_pb_divider color=&#8220;#C1B086&#8243; divider_weight=&#8220;4px&#8220; _builder_version=&#8220;4.16&#8243; max_width=&#8220;70px&#8220; global_colors_info=&#8220;{}&#8220;][\/et_pb_divider][et_pb_text _builder_version=&#8220;4.21.0&#8243; text_font=&#8220;Questrial|600||on|||||&#8220; text_text_color=&#8220;#2b2a29&#8243; text_font_size=&#8220;12px&#8220; text_letter_spacing=&#8220;1.1px&#8220; text_line_height=&#8220;1.6em&#8220; custom_margin=&#8220;-19px||||false|false&#8220; custom_margin_tablet=&#8220;-32px||19px||false|false&#8220; custom_margin_phone=&#8220;-32px||19px||false|false&#8220; custom_margin_last_edited=&#8220;on|phone&#8220; global_colors_info=&#8220;{}&#8220;]<\/p>\n<p>Firemn\u00ed akce na m\u00edru<\/p>\n<p>[\/et_pb_text][et_pb_text _builder_version=&#8220;4.21.0&#8243; header_font=&#8220;Questrial||||||||&#8220; header_text_color=&#8220;#2b2a29&#8243; header_font_size=&#8220;31px&#8220; header_line_height=&#8220;1.3em&#8220; custom_margin=&#8220;-4px||||false|false&#8220; global_colors_info=&#8220;{}&#8220;]<\/p>\n<h1>Objevte na\u0161e mo\u017enosti<\/h1>\n<p>[\/et_pb_text][et_pb_text _builder_version=&#8220;4.21.0&#8243; text_font=&#8220;Poppins|300|||||||&#8220; text_text_color=&#8220;#5f6060&#8243; text_font_size=&#8220;16px&#8220; text_line_height=&#8220;1.8em&#8220; custom_margin=&#8220;-4px||||false|false&#8220; custom_margin_tablet=&#8220;-12px||||false|false&#8220; custom_margin_phone=&#8220;-12px||||false|false&#8220; custom_margin_last_edited=&#8220;on|tablet&#8220; custom_padding=&#8220;||||false|false&#8220; global_colors_info=&#8220;{}&#8220;]<\/p>\n<p>Na\u0161e prostory jsou vybaveny ve\u0161kerou modern\u00ed technologi\u00ed a za\u0159\u00edzen\u00edm, kter\u00e9 pot\u0159ebujete pro efektivn\u00ed \u0161kolen\u00ed nebo prezentaci. N\u00e1\u0161 profesion\u00e1ln\u00ed a vst\u0159\u00edcn\u00e9 person\u00e1l bude k dispozici, aby v\u00e1m pomohl s jak\u00fdmkoli technick\u00fdm nebo organiza\u010dn\u00edm po\u017eadavkem.<\/p>\n<p>A pokud chcete str\u00e1vit p\u0159\u00edjemn\u00e9 odpoledne nebo ve\u010der ve spole\u010dnosti koleg\u016f a p\u0159\u00e1tel, na\u0161e prostorn\u00e1 zahrada je ide\u00e1ln\u00edm m\u00edstem pro grilov\u00e1n\u00ed.<\/p>\n<p>[\/et_pb_text][et_pb_button button_url=&#8220;@ET-DC@eyJkeW5hbWljIjp0cnVlLCJjb250ZW50IjoicG9zdF9saW5rX3VybF9wYWdlIiwic2V0dGluZ3MiOnsicG9zdF9pZCI6IjIyOTk3NiJ9fQ==@&#8220; button_text=&#8220;KONTAKTUJTE N\u00c1S&#8220; _builder_version=&#8220;4.21.0&#8243; _dynamic_attributes=&#8220;button_url&#8220; custom_button=&#8220;on&#8220; button_text_size=&#8220;12px&#8220; button_text_color=&#8220;#ffffff&#8220; button_bg_color=&#8220;#C1B086&#8243; button_border_width=&#8220;1px&#8220; button_border_color=&#8220;#C1B086&#8243; button_border_radius=&#8220;100px&#8220; button_letter_spacing=&#8220;1px&#8220; button_font=&#8220;Questrial|700|||||||&#8220; button_use_icon=&#8220;off&#8220; z_index=&#8220;999&#8243; custom_margin=&#8220;34px||||false|false&#8220; custom_padding=&#8220;17px|48px|17px|48px|true|true&#8220; global_colors_info=&#8220;{}&#8220; button_letter_spacing__hover_enabled=&#8220;on&#8220; button_letter_spacing__hover=&#8220;1px&#8220; button_text_color__hover_enabled=&#8220;on&#8220; button_text_color__hover=&#8220;#ffffff&#8220; button_bg_color__hover_enabled=&#8220;on&#8220; button_bg_color__hover=&#8220;#3F9CC1&#8243; button_bg_enable_color__hover=&#8220;on&#8220; button_border_color__hover_enabled=&#8220;on&#8220; button_border_color__hover=&#8220;#3F9CC1&#8243;][\/et_pb_button][\/et_pb_column][\/et_pb_row][\/et_pb_section]<\/p>\n","protected":false},"excerpt":{"rendered":"<p>M\u00edsto pro va\u0161e firemn\u00ed akceBez ohledu na to, zda pl\u00e1nujete \u0161kolen\u00ed, semin\u00e1\u0159, teambuilding, banket, raut nebo grilov\u00e1n\u00ed, m\u00e1me v\u0161e, co pot\u0159ebujete pro uspo\u0159\u00e1d\u00e1n\u00ed \u00fasp\u011b\u0161n\u00e9 a p\u0159\u00edjemn\u00e9 ud\u00e1losti.Atmosf\u00e9ra \u010cesk\u00e9ho Krumlova a na\u0161eho rodinn\u00e9ho penzionu tvo\u0159\u00ed skv\u011bl\u00e9 podm\u00ednky pro uspo\u0159\u00e1d\u00e1n\u00ed \u00fasp\u011b\u0161n\u00e9 firemn\u00ed akce.Zajist\u00edme \u0161irokou \u0161k\u00e1lu gastronomick\u00fdch mo\u017enost\u00ed, kter\u00e9 uspokoj\u00ed va\u0161e n\u00e1ro\u010dn\u00e9 po\u017eadavky. Ob\u010derstven\u00ed p\u0159izp\u016fsob\u00edme typu va\u0161\u00ed ud\u00e1losti. [&hellip;]<\/p>\n","protected":false},"author":2,"featured_media":230328,"parent":0,"menu_order":0,"comment_status":"closed","ping_status":"closed","template":"","meta":{"_et_pb_use_builder":"on","_et_pb_old_content":"","_et_gb_content_width":"","footnotes":""},"class_list":["post-230384","page","type-page","status-publish","has-post-thumbnail","hentry"],"aioseo_notices":[],"_links":{"self":[{"href":"https:\/\/vila-vysehrad.com\/de\/wp-json\/wp\/v2\/pages\/230384","targetHints":{"allow":["GET"]}}],"collection":[{"href":"https:\/\/vila-vysehrad.com\/de\/wp-json\/wp\/v2\/pages"}],"about":[{"href":"https:\/\/vila-vysehrad.com\/de\/wp-json\/wp\/v2\/types\/page"}],"author":[{"embeddable":true,"href":"https:\/\/vila-vysehrad.com\/de\/wp-json\/wp\/v2\/users\/2"}],"replies":[{"embeddable":true,"href":"https:\/\/vila-vysehrad.com\/de\/wp-json\/wp\/v2\/comments?post=230384"}],"version-history":[{"count":17,"href":"https:\/\/vila-vysehrad.com\/de\/wp-json\/wp\/v2\/pages\/230384\/revisions"}],"predecessor-version":[{"id":230464,"href":"https:\/\/vila-vysehrad.com\/de\/wp-json\/wp\/v2\/pages\/230384\/revisions\/230464"}],"wp:featuredmedia":[{"embeddable":true,"href":"https:\/\/vila-vysehrad.com\/de\/wp-json\/wp\/v2\/media\/230328"}],"wp:attachment":[{"href":"https:\/\/vila-vysehrad.com\/de\/wp-json\/wp\/v2\/media?parent=230384"}],"curies":[{"name":"wp","href":"https:\/\/api.w.org\/{rel}","templated":true}]}}