{"id":229976,"date":"2023-05-26T09:24:51","date_gmt":"2023-05-26T09:24:51","guid":{"rendered":"https:\/\/vila-vysehrad.com\/?page_id=229976"},"modified":"2026-04-22T18:16:51","modified_gmt":"2026-04-22T18:16:51","slug":"kontakt","status":"publish","type":"page","link":"https:\/\/vila-vysehrad.com\/en\/kontakt\/","title":{"rendered":"Contact"},"content":{"rendered":"<p>[et_pb_section fb_built=&#8220;1&#8243; _builder_version=&#8220;4.21.0&#8243; background_color=&#8220;#f4f4f4&#8243; custom_margin_tablet=&#8220;|0px||0px|false|false&#8220; custom_margin_phone=&#8220;|0px||0px|false|true&#8220; custom_margin_last_edited=&#8220;off|desktop&#8220; custom_padding=&#8220;100px||100px||false|false&#8220; global_colors_info=&#8220;{}&#8220;][et_pb_row use_custom_gutter=&#8220;on&#8220; gutter_width=&#8220;2&#8243; make_equal=&#8220;on&#8220; _builder_version=&#8220;4.21.0&#8243; width=&#8220;90%&#8220; width_tablet=&#8220;90%&#8220; width_phone=&#8220;90%&#8220; width_last_edited=&#8220;on|tablet&#8220; max_width_tablet=&#8220;90%&#8220; max_width_phone=&#8220;90%&#8220; max_width_last_edited=&#8220;off|desktop&#8220; module_alignment=&#8220;center&#8220; custom_padding=&#8220;0px||50px||false|false&#8220; animation_style=&#8220;slide&#8220; animation_direction=&#8220;left&#8220; global_colors_info=&#8220;{}&#8220;][et_pb_column type=&#8220;4_4&#8243; _builder_version=&#8220;4.16&#8243; global_colors_info=&#8220;{}&#8220;][et_pb_divider color=&#8220;#C1B086&#8243; divider_weight=&#8220;4px&#8220; _builder_version=&#8220;4.16&#8243; max_width=&#8220;70px&#8220; global_colors_info=&#8220;{}&#8220;][\/et_pb_divider][et_pb_text _builder_version=&#8220;4.21.0&#8243; header_font=&#8220;Questrial||||||||&#8220; header_text_align=&#8220;left&#8220; header_text_color=&#8220;#2b2a29&#8243; header_font_size=&#8220;31px&#8220; header_line_height=&#8220;1.1em&#8220; custom_margin=&#8220;||||false|false&#8220; custom_margin_tablet=&#8220;35px||||false|false&#8220; custom_margin_phone=&#8220;35px||||false|false&#8220; custom_margin_last_edited=&#8220;off|desktop&#8220; custom_padding=&#8220;||||false|false&#8220; header_font_size_tablet=&#8220;&#8220; header_font_size_phone=&#8220;30px&#8220; header_font_size_last_edited=&#8220;on|desktop&#8220; global_colors_info=&#8220;{}&#8220;]<\/p>\n<h1>Kontaktn\u00ed informace<\/h1>\n<p>[\/et_pb_text][et_pb_text _builder_version=&#8220;4.21.0&#8243; text_font=&#8220;Poppins||||||||&#8220; text_text_color=&#8220;#5f6060&#8243; text_font_size=&#8220;16px&#8220; text_line_height=&#8220;1.8em&#8220; header_text_align=&#8220;left&#8220; max_width=&#8220;701px&#8220; module_alignment=&#8220;left&#8220; custom_margin=&#8220;-8px||||false|false&#8220; custom_margin_tablet=&#8220;-25px||0px||false|false&#8220; custom_margin_phone=&#8220;-25px||||false|false&#8220; custom_margin_last_edited=&#8220;on|desktop&#8220; custom_padding=&#8220;||||false|false&#8220; text_text_align=&#8220;center&#8220; global_colors_info=&#8220;{}&#8220;]<\/p>\n<p>V p\u0159\u00edpad\u011b jak\u00fdchkoliv dotaz\u016f se na n\u00e1s nev\u00e1hejte obr\u00e1tit. R\u00e1di zodpov\u00edme va\u0161e ot\u00e1zky a porad\u00edme s v\u00fdb\u011brem pokoje nebo apartm\u00e1nu.<\/p>\n<p>[\/et_pb_text][\/et_pb_column][\/et_pb_row][et_pb_row column_structure=&#8220;1_3,1_3,1_3&#8243; use_custom_gutter=&#8220;on&#8220; gutter_width=&#8220;2&#8243; make_equal=&#8220;on&#8220; _builder_version=&#8220;4.16&#8243; width=&#8220;90%&#8220; width_tablet=&#8220;90%&#8220; width_phone=&#8220;90%&#8220; width_last_edited=&#8220;on|tablet&#8220; max_width_tablet=&#8220;90%&#8220; max_width_phone=&#8220;90%&#8220; max_width_last_edited=&#8220;off|desktop&#8220; custom_padding=&#8220;0px||0px||true|false&#8220; global_colors_info=&#8220;{}&#8220;][et_pb_column type=&#8220;1_3&#8243; _builder_version=&#8220;4.16&#8243; global_colors_info=&#8220;{}&#8220;][et_pb_blurb title=&#8220;Adresa&#8220; image=&#8220;https:\/\/vila-vysehrad.com\/wp-content\/uploads\/2023\/05\/location.png&#8220; image_icon_width=&#8220;40px&#8220; content_max_width=&#8220;100%&#8220; _builder_version=&#8220;4.21.0&#8243; header_font=&#8220;Questrial||||||||&#8220; header_text_align=&#8220;center&#8220; header_text_color=&#8220;#FFFFFF&#8220; header_font_size=&#8220;18px&#8220; header_line_height=&#8220;1.3em&#8220; body_font=&#8220;Poppins||||||||&#8220; body_text_align=&#8220;center&#8220; body_text_color=&#8220;#FFFFFF&#8220; body_font_size=&#8220;17px&#8220; body_line_height=&#8220;1.8em&#8220; background_color=&#8220;#3f9cc1&#8243; custom_padding=&#8220;40px|40px|40px|40px|true|true&#8220; animation_style=&#8220;slide&#8220; animation_direction=&#8220;right&#8220; animation_delay=&#8220;200ms&#8220; animation=&#8220;off&#8220; image_max_width=&#8220;40px&#8220; global_colors_info=&#8220;{}&#8220;]<\/p>\n<p>t\u0159\u00edda M\u00edru 49, \u010cesk\u00fd Krumlov<\/p>\n<p>[\/et_pb_blurb][\/et_pb_column][et_pb_column type=&#8220;1_3&#8243; _builder_version=&#8220;4.16&#8243; global_colors_info=&#8220;{}&#8220;][et_pb_blurb title=&#8220;E-mail&#8220; image=&#8220;https:\/\/vila-vysehrad.com\/wp-content\/uploads\/2023\/05\/mail.png&#8220; image_icon_width=&#8220;40px&#8220; content_max_width=&#8220;100%&#8220; _builder_version=&#8220;4.21.0&#8243; header_font=&#8220;Questrial||||||||&#8220; header_text_align=&#8220;center&#8220; header_text_color=&#8220;#FFFFFF&#8220; header_font_size=&#8220;18px&#8220; header_line_height=&#8220;1.3em&#8220; body_font=&#8220;Poppins||||||||&#8220; body_text_align=&#8220;center&#8220; body_text_color=&#8220;#FFFFFF&#8220; body_font_size=&#8220;17px&#8220; body_line_height=&#8220;1.8em&#8220; background_color=&#8220;#3f9cc1&#8243; custom_padding=&#8220;40px|40px|40px|40px|true|true&#8220; animation_style=&#8220;slide&#8220; animation_direction=&#8220;right&#8220; animation_delay=&#8220;400ms&#8220; animation=&#8220;off&#8220; image_max_width=&#8220;40px&#8220; global_colors_info=&#8220;{}&#8220;]<\/p>\n<p><span style=\"color: #ffffff;\"><a href=\"mailto:penzion@vila-vysehrad.com\" style=\"color: #ffffff;\">penzion@vila-vysehrad.com<\/a><\/span><\/p>\n<p>[\/et_pb_blurb][\/et_pb_column][et_pb_column type=&#8220;1_3&#8243; _builder_version=&#8220;4.16&#8243; global_colors_info=&#8220;{}&#8220;][et_pb_blurb title=&#8220;Telefon&#8220; image=&#8220;https:\/\/vila-vysehrad.com\/wp-content\/uploads\/2023\/05\/phone.png&#8220; image_icon_width=&#8220;40px&#8220; content_max_width=&#8220;100%&#8220; _builder_version=&#8220;4.21.0&#8243; header_font=&#8220;Questrial||||||||&#8220; header_text_align=&#8220;center&#8220; header_text_color=&#8220;#FFFFFF&#8220; header_font_size=&#8220;18px&#8220; header_line_height=&#8220;1.3em&#8220; body_font=&#8220;Poppins||||||||&#8220; body_text_align=&#8220;center&#8220; body_text_color=&#8220;#FFFFFF&#8220; body_font_size=&#8220;17px&#8220; body_line_height=&#8220;1.8em&#8220; background_color=&#8220;#3f9cc1&#8243; custom_padding=&#8220;40px|40px|40px|40px|true|true&#8220; animation_style=&#8220;slide&#8220; animation_direction=&#8220;right&#8220; animation_delay=&#8220;600ms&#8220; animation=&#8220;off&#8220; hover_enabled=&#8220;0&#8243; image_max_width=&#8220;40px&#8220; global_colors_info=&#8220;{}&#8220; sticky_enabled=&#8220;0&#8243;]<\/p>\n<p>+420774949272<\/p>\n<p>[\/et_pb_blurb][\/et_pb_column][\/et_pb_row][et_pb_row use_custom_gutter=&#8220;on&#8220; gutter_width=&#8220;2&#8243; make_equal=&#8220;on&#8220; _builder_version=&#8220;4.16&#8243; width=&#8220;90%&#8220; width_tablet=&#8220;90%&#8220; width_phone=&#8220;90%&#8220; width_last_edited=&#8220;on|tablet&#8220; max_width_tablet=&#8220;90%&#8220; max_width_phone=&#8220;90%&#8220; max_width_last_edited=&#8220;off|desktop&#8220; custom_padding=&#8220;60px||0px||false|false&#8220; global_colors_info=&#8220;{}&#8220;][et_pb_column type=&#8220;4_4&#8243; _builder_version=&#8220;4.16&#8243; global_colors_info=&#8220;{}&#8220;][et_pb_contact_form captcha=&#8220;off&#8220; email=&#8220;penzion@vila-vysehrad.com&#8220; custom_message=&#8220;Zpr\u00e1va z webov\u00e9ho kontaktn\u00edho formul\u00e1\u0159e:||et_pb_line_break_holder|| ||et_pb_line_break_holder||Jm\u00e9no:  %%Jmeno%%||et_pb_line_break_holder||P\u0159\u00edjmen\u00ed: %%Prijmeni%%||et_pb_line_break_holder||Email:  %%Email%%||et_pb_line_break_holder||Telefon: %%Telefon%%||et_pb_line_break_holder||Zpr\u00e1va: %%Zprava%%&#8220; success_message=&#8220;D\u011bkujeme za va\u0161i zpr\u00e1vu, brzy se v\u00e1m ozveme.&#8220; submit_button_text=&#8220;ODESLAT ZPR\u00c1VU&#8220; _builder_version=&#8220;4.21.0&#8243; _unique_id=&#8220;67885c03-e0b1-4a4f-83dc-3e7ce7508aad&#8220; form_field_background_color=&#8220;rgba(0,0,0,0)&#8220; form_field_text_color=&#8220;#383838&#8243; form_field_focus_background_color=&#8220;rgba(0,0,0,0)&#8220; form_field_focus_text_color=&#8220;#383838&#8243; form_field_custom_padding=&#8220;0px||20px|0px|false|false&#8220; captcha_font=&#8220;Questrial||||||||&#8220; form_field_font=&#8220;Poppins|600|||||||&#8220; form_field_font_size=&#8220;13px&#8220; form_field_letter_spacing=&#8220;1px&#8220; form_field_line_height=&#8220;1.6em&#8220; custom_button=&#8220;on&#8220; button_text_size=&#8220;12px&#8220; button_text_color=&#8220;#ffffff&#8220; button_bg_color=&#8220;#c1b086&#8243; button_border_width=&#8220;0px&#8220; button_border_color=&#8220;#383838&#8243; button_border_radius=&#8220;100px&#8220; button_letter_spacing=&#8220;1px&#8220; button_font=&#8220;Questrial|700|||||||&#8220; button_icon=&#8220;&#xf1d8;||fa||900&#8243; button_on_hover=&#8220;off&#8220; button_custom_padding=&#8220;18px|55px|18px|45px|true|false&#8220; border_width_bottom=&#8220;1px&#8220; border_color_bottom=&#8220;#d3d3d3&#8243; global_colors_info=&#8220;{}&#8220; button_text_color__hover_enabled=&#8220;on|hover&#8220; button_text_color__hover=&#8220;#FFFFFF&#8220; button_bg_color__hover_enabled=&#8220;on|desktop&#8220; button_bg_color__hover=&#8220;#3f9cc1&#8243; button_bg_enable_color__hover=&#8220;on&#8220; button_border_color__hover_enabled=&#8220;on&#8220; button_border_color__hover=&#8220;#FFFFFF&#8220; button_letter_spacing__hover_enabled=&#8220;on&#8220; button_letter_spacing__hover=&#8220;1px&#8220;][et_pb_contact_field field_id=&#8220;Jmeno&#8220; field_title=&#8220;Jm\u00e9no&#8220; _builder_version=&#8220;4.21.0&#8243; form_field_text_color=&#8220;#2b2a29&#8243; form_field_font=&#8220;Questrial|600|||||||&#8220; form_field_font_size=&#8220;14px&#8220; global_colors_info=&#8220;{}&#8220; button_text_size__hover_enabled=&#8220;off&#8220; button_one_text_size__hover_enabled=&#8220;off&#8220; button_two_text_size__hover_enabled=&#8220;off&#8220; button_text_color__hover_enabled=&#8220;off&#8220; button_one_text_color__hover_enabled=&#8220;off&#8220; button_two_text_color__hover_enabled=&#8220;off&#8220; button_border_width__hover_enabled=&#8220;off&#8220; button_one_border_width__hover_enabled=&#8220;off&#8220; button_two_border_width__hover_enabled=&#8220;off&#8220; button_border_color__hover_enabled=&#8220;off&#8220; button_one_border_color__hover_enabled=&#8220;off&#8220; button_two_border_color__hover_enabled=&#8220;off&#8220; button_border_radius__hover_enabled=&#8220;off&#8220; button_one_border_radius__hover_enabled=&#8220;off&#8220; button_two_border_radius__hover_enabled=&#8220;off&#8220; button_letter_spacing__hover_enabled=&#8220;off&#8220; button_one_letter_spacing__hover_enabled=&#8220;off&#8220; button_two_letter_spacing__hover_enabled=&#8220;off&#8220; button_bg_color__hover_enabled=&#8220;off&#8220; button_one_bg_color__hover_enabled=&#8220;off&#8220; button_two_bg_color__hover_enabled=&#8220;off&#8220;][\/et_pb_contact_field][et_pb_contact_field field_id=&#8220;Prijmeni&#8220; field_title=&#8220;P\u0159\u00edjmen\u00ed&#8220; _builder_version=&#8220;4.21.0&#8243; form_field_text_color=&#8220;#2b2a29&#8243; form_field_font=&#8220;Questrial|600|||||||&#8220; form_field_font_size=&#8220;14px&#8220; global_colors_info=&#8220;{}&#8220; button_text_size__hover_enabled=&#8220;off&#8220; button_one_text_size__hover_enabled=&#8220;off&#8220; button_two_text_size__hover_enabled=&#8220;off&#8220; button_text_color__hover_enabled=&#8220;off&#8220; button_one_text_color__hover_enabled=&#8220;off&#8220; button_two_text_color__hover_enabled=&#8220;off&#8220; button_border_width__hover_enabled=&#8220;off&#8220; button_one_border_width__hover_enabled=&#8220;off&#8220; button_two_border_width__hover_enabled=&#8220;off&#8220; button_border_color__hover_enabled=&#8220;off&#8220; button_one_border_color__hover_enabled=&#8220;off&#8220; button_two_border_color__hover_enabled=&#8220;off&#8220; button_border_radius__hover_enabled=&#8220;off&#8220; button_one_border_radius__hover_enabled=&#8220;off&#8220; button_two_border_radius__hover_enabled=&#8220;off&#8220; button_letter_spacing__hover_enabled=&#8220;off&#8220; button_one_letter_spacing__hover_enabled=&#8220;off&#8220; button_two_letter_spacing__hover_enabled=&#8220;off&#8220; button_bg_color__hover_enabled=&#8220;off&#8220; button_one_bg_color__hover_enabled=&#8220;off&#8220; button_two_bg_color__hover_enabled=&#8220;off&#8220;][\/et_pb_contact_field][et_pb_contact_field field_id=&#8220;telefon&#8220; field_title=&#8220;Telefonn\u00ed \u010d\u00edslo&#8220; _builder_version=&#8220;4.21.0&#8243; form_field_text_color=&#8220;#2b2a29&#8243; form_field_font=&#8220;Questrial|600|||||||&#8220; form_field_font_size=&#8220;14px&#8220; global_colors_info=&#8220;{}&#8220; button_text_size__hover_enabled=&#8220;off&#8220; button_one_text_size__hover_enabled=&#8220;off&#8220; button_two_text_size__hover_enabled=&#8220;off&#8220; button_text_color__hover_enabled=&#8220;off&#8220; button_one_text_color__hover_enabled=&#8220;off&#8220; button_two_text_color__hover_enabled=&#8220;off&#8220; button_border_width__hover_enabled=&#8220;off&#8220; button_one_border_width__hover_enabled=&#8220;off&#8220; button_two_border_width__hover_enabled=&#8220;off&#8220; button_border_color__hover_enabled=&#8220;off&#8220; button_one_border_color__hover_enabled=&#8220;off&#8220; button_two_border_color__hover_enabled=&#8220;off&#8220; button_border_radius__hover_enabled=&#8220;off&#8220; button_one_border_radius__hover_enabled=&#8220;off&#8220; button_two_border_radius__hover_enabled=&#8220;off&#8220; button_letter_spacing__hover_enabled=&#8220;off&#8220; button_one_letter_spacing__hover_enabled=&#8220;off&#8220; button_two_letter_spacing__hover_enabled=&#8220;off&#8220; button_bg_color__hover_enabled=&#8220;off&#8220; button_one_bg_color__hover_enabled=&#8220;off&#8220; button_two_bg_color__hover_enabled=&#8220;off&#8220;][\/et_pb_contact_field][et_pb_contact_field field_id=&#8220;Email&#8220; field_title=&#8220;E-mailov\u00e1 adresa&#8220; field_type=&#8220;email&#8220; _builder_version=&#8220;4.21.0&#8243; form_field_text_color=&#8220;#2b2a29&#8243; form_field_font=&#8220;Questrial|600|||||||&#8220; form_field_font_size=&#8220;14px&#8220; global_colors_info=&#8220;{}&#8220; button_text_size__hover_enabled=&#8220;off&#8220; button_one_text_size__hover_enabled=&#8220;off&#8220; button_two_text_size__hover_enabled=&#8220;off&#8220; button_text_color__hover_enabled=&#8220;off&#8220; button_one_text_color__hover_enabled=&#8220;off&#8220; button_two_text_color__hover_enabled=&#8220;off&#8220; button_border_width__hover_enabled=&#8220;off&#8220; button_one_border_width__hover_enabled=&#8220;off&#8220; button_two_border_width__hover_enabled=&#8220;off&#8220; button_border_color__hover_enabled=&#8220;off&#8220; button_one_border_color__hover_enabled=&#8220;off&#8220; button_two_border_color__hover_enabled=&#8220;off&#8220; button_border_radius__hover_enabled=&#8220;off&#8220; button_one_border_radius__hover_enabled=&#8220;off&#8220; button_two_border_radius__hover_enabled=&#8220;off&#8220; button_letter_spacing__hover_enabled=&#8220;off&#8220; button_one_letter_spacing__hover_enabled=&#8220;off&#8220; button_two_letter_spacing__hover_enabled=&#8220;off&#8220; button_bg_color__hover_enabled=&#8220;off&#8220; button_one_bg_color__hover_enabled=&#8220;off&#8220; button_two_bg_color__hover_enabled=&#8220;off&#8220;][\/et_pb_contact_field][et_pb_contact_field field_id=&#8220;Zprava&#8220; field_title=&#8220;Va\u0161e zpr\u00e1va&#8220; field_type=&#8220;text&#8220; fullwidth_field=&#8220;on&#8220; _builder_version=&#8220;4.21.0&#8243; form_field_text_color=&#8220;#2b2a29&#8243; form_field_font=&#8220;Questrial|600|||||||&#8220; form_field_font_size=&#8220;14px&#8220; global_colors_info=&#8220;{}&#8220; button_text_size__hover_enabled=&#8220;off&#8220; button_one_text_size__hover_enabled=&#8220;off&#8220; button_two_text_size__hover_enabled=&#8220;off&#8220; button_text_color__hover_enabled=&#8220;off&#8220; button_one_text_color__hover_enabled=&#8220;off&#8220; button_two_text_color__hover_enabled=&#8220;off&#8220; button_border_width__hover_enabled=&#8220;off&#8220; button_one_border_width__hover_enabled=&#8220;off&#8220; button_two_border_width__hover_enabled=&#8220;off&#8220; button_border_color__hover_enabled=&#8220;off&#8220; button_one_border_color__hover_enabled=&#8220;off&#8220; button_two_border_color__hover_enabled=&#8220;off&#8220; button_border_radius__hover_enabled=&#8220;off&#8220; button_one_border_radius__hover_enabled=&#8220;off&#8220; button_two_border_radius__hover_enabled=&#8220;off&#8220; button_letter_spacing__hover_enabled=&#8220;off&#8220; button_one_letter_spacing__hover_enabled=&#8220;off&#8220; button_two_letter_spacing__hover_enabled=&#8220;off&#8220; button_bg_color__hover_enabled=&#8220;off&#8220; button_one_bg_color__hover_enabled=&#8220;off&#8220; button_two_bg_color__hover_enabled=&#8220;off&#8220;][\/et_pb_contact_field][\/et_pb_contact_form][\/et_pb_column][\/et_pb_row][\/et_pb_section]<\/p>\n","protected":false},"excerpt":{"rendered":"<p>Kontaktn\u00ed informaceV p\u0159\u00edpad\u011b jak\u00fdchkoliv dotaz\u016f se na n\u00e1s nev\u00e1hejte obr\u00e1tit. R\u00e1di zodpov\u00edme va\u0161e ot\u00e1zky a porad\u00edme s v\u00fdb\u011brem pokoje nebo apartm\u00e1nu.t\u0159\u00edda M\u00edru 49, \u010cesk\u00fd Krumlovpenzion@vila-vysehrad.com+420774949272<\/p>","protected":false},"author":2,"featured_media":230300,"parent":0,"menu_order":0,"comment_status":"closed","ping_status":"closed","template":"","meta":{"_et_pb_use_builder":"on","_et_pb_old_content":"","_et_gb_content_width":"","footnotes":""},"class_list":["post-229976","page","type-page","status-publish","has-post-thumbnail","hentry"],"aioseo_notices":[],"_links":{"self":[{"href":"https:\/\/vila-vysehrad.com\/en\/wp-json\/wp\/v2\/pages\/229976","targetHints":{"allow":["GET"]}}],"collection":[{"href":"https:\/\/vila-vysehrad.com\/en\/wp-json\/wp\/v2\/pages"}],"about":[{"href":"https:\/\/vila-vysehrad.com\/en\/wp-json\/wp\/v2\/types\/page"}],"author":[{"embeddable":true,"href":"https:\/\/vila-vysehrad.com\/en\/wp-json\/wp\/v2\/users\/2"}],"replies":[{"embeddable":true,"href":"https:\/\/vila-vysehrad.com\/en\/wp-json\/wp\/v2\/comments?post=229976"}],"version-history":[{"count":21,"href":"https:\/\/vila-vysehrad.com\/en\/wp-json\/wp\/v2\/pages\/229976\/revisions"}],"predecessor-version":[{"id":230558,"href":"https:\/\/vila-vysehrad.com\/en\/wp-json\/wp\/v2\/pages\/229976\/revisions\/230558"}],"wp:featuredmedia":[{"embeddable":true,"href":"https:\/\/vila-vysehrad.com\/en\/wp-json\/wp\/v2\/media\/230300"}],"wp:attachment":[{"href":"https:\/\/vila-vysehrad.com\/en\/wp-json\/wp\/v2\/media?parent=229976"}],"curies":[{"name":"wp","href":"https:\/\/api.w.org\/{rel}","templated":true}]}}