{"id":230538,"date":"2024-09-30T18:42:13","date_gmt":"2024-09-30T18:42:13","guid":{"rendered":"https:\/\/vila-vysehrad.com\/?page_id=230538"},"modified":"2024-09-30T18:44:24","modified_gmt":"2024-09-30T18:44:24","slug":"gdpr","status":"publish","type":"page","link":"https:\/\/vila-vysehrad.com\/en\/gdpr\/","title":{"rendered":"GDPR"},"content":{"rendered":"<p>[et_pb_section fb_built=&#8220;1&#8243; theme_builder_area=&#8220;post_content&#8220; _builder_version=&#8220;4.27.0&#8243; _module_preset=&#8220;default&#8220;][et_pb_row _builder_version=&#8220;4.27.0&#8243; _module_preset=&#8220;default&#8220; theme_builder_area=&#8220;post_content&#8220;][et_pb_column _builder_version=&#8220;4.27.0&#8243; _module_preset=&#8220;default&#8220; type=&#8220;4_4&#8243; theme_builder_area=&#8220;post_content&#8220;][et_pb_text _builder_version=&#8220;4.27.0&#8243; _module_preset=&#8220;default&#8220; theme_builder_area=&#8220;post_content&#8220; hover_enabled=&#8220;0&#8243; sticky_enabled=&#8220;0&#8243; text_font=&#8220;Poppins|300|||||||&#8220; header_font=&#8220;Poppins||||||||&#8220;]<\/p>\n<h1>Zpracov\u00e1n\u00ed osobn\u00edch \u00fadaj\u016f<\/h1>\n<p>Tato politika ochrany soukrom\u00ed a osobn\u00edch \u00fadaj\u016f se t\u00fdk\u00e1 webov\u00e9 str\u00e1nky spole\u010dnosti Rodina z.s., Dandova 2619\/13, Horn\u00ed Po\u010dernice, 193 00 Praha, I\u010c: 17493871, jako spr\u00e1vce osobn\u00edch \u00fadaj\u016f, p\u0159edev\u0161\u00edm str\u00e1nky www.vila-vysehrad.com.<br \/>Prohl\u00e1\u0161en\u00ed o Ochran\u011b osobn\u00edch \u00fadaj\u016f<br \/>Pros\u00edme, v\u011bnujte \u010das p\u0159e\u010dten\u00ed informac\u00ed o ochran\u011b osobn\u00edch \u00fadaj\u016f.<\/p>\n<p><strong>Pro\u010d shroma\u017e\u010fujeme informace?<\/strong><br \/>Informace jsou shroma\u017e\u010fov\u00e1ny s c\u00edlem usnadnit proces rezervace mezi z\u00e1kazn\u00edkem a poskytovatelem ubytovac\u00edch slu\u017eeb. Nab\u00eddnout V\u00e1m dal\u0161\u00ed slu\u017eby tam, kde d\u00e1v\u00e1te souhlas k takov\u00fdm nab\u00eddk\u00e1m a\/nebo n\u00e1m pomohou zlep\u0161it tento proces pro budouc\u00ed pou\u017eit\u00ed.<\/p>\n<p><strong>K jak\u00fdm \u00fa\u010del\u016fm shroma\u017e\u010fujeme informace?<\/strong><br \/>Pr\u016fb\u011bh nebo podpora \u010dinnosti rezerva\u010dn\u00edho procesu<br \/>Proces dobrovoln\u00e9 registrace z\u00e1kazn\u00edka k odb\u011bru newsletteru<br \/>Statistick\u00e9 pou\u017e\u00edv\u00e1n\u00ed syst\u00e9mu k jeho mo\u017en\u00e9mu vylep\u0161en\u00ed<br \/>Nen\u00ed \u017e\u00e1dn\u00e9 jin\u00e9 pou\u017eit\u00ed shrom\u00e1\u017ed\u011bn\u00fdch informac\u00ed, p\u0159edev\u0161\u00edm informace nejsou nikdy p\u0159ed\u00e1ny bez souhlasu t\u0159et\u00edm stran\u00e1m<\/p>\n<p><strong>Kdo m\u00e1 p\u0159\u00edstup k n\u011bkter\u00fdm nebo v\u0161em shrom\u00e1\u017ed\u011bn\u00fdm informac\u00edm?<\/strong><br \/>Poskytovatel ubytovac\u00edch slu\u017eeb, u kter\u00e9ho se bude realizovat Va\u0161e rezervace<br \/>Poskytovatel webov\u00fdch str\u00e1nek a rezerva\u010dn\u00edho formul\u00e1\u0159e<br \/>Instituce, kter\u00e9 k tomu maj\u00ed opr\u00e1vn\u011bn\u00ed<\/p>\n<p>Jak\u00fd p\u0159\u00edstup garantujeme na\u0161im n\u00e1v\u0161t\u011bvn\u00edk\u016fm ke shrom\u00e1\u017ed\u011bn\u00fdm informac\u00edm, kter\u00e9 se jich t\u00fdkaj\u00ed?<br \/>P\u0159\u00edstup ke v\u0161em shrom\u00e1\u017ed\u011bn\u00fdm informac\u00edm je umo\u017en\u011bn kdykoliv na po\u017e\u00e1d\u00e1n\u00ed<\/p>\n<p>Pokud jste p\u0159esv\u011bd\u010deni, \u017ee na\u0161e webov\u00e9 str\u00e1nky nebo syst\u00e9my shrom\u00e1\u017edily nespr\u00e1vn\u00e9 informace nebo chcete jak\u00e9koliv informace rozporovat, pros\u00edme, kontaktujte n\u00e1s.<\/p>\n<p><strong>Podm\u00ednky Cookies<\/strong><br \/>Co jsou Cookies?<br \/>Soubory cookie jsou mal\u00e9 soubory, kter\u00e9 ukl\u00e1daj\u00ed informace ve Va\u0161em prohl\u00ed\u017ee\u010di a b\u011b\u017en\u011b slou\u017e\u00ed k rozli\u0161ov\u00e1n\u00ed jednotliv\u00fdch u\u017eivatel\u016f. Osoba u\u017eivatele v\u0161ak nen\u00ed na z\u00e1klad\u011b t\u011bchto informac\u00ed identifikovateln\u00e1.<\/p>\n<p><strong>K \u010demu soubory Cookies pou\u017e\u00edv\u00e1me<\/strong><br \/>ke spr\u00e1vn\u00e9 funk\u010dnosti na\u0161ich str\u00e1nek, aby bylo mo\u017en\u00e9 dokon\u010dit proces rezervace s co nejmen\u0161\u00edmi obt\u00ed\u017eemi.<br \/>p\u0159i zji\u0161\u0165ov\u00e1n\u00ed, kter\u00e9 str\u00e1nky a funkce pou\u017e\u00edvaj\u00ed n\u00e1v\u0161t\u011bvn\u00edci nej\u010dast\u011bji.<\/p>\n<p><strong>Jak\u00e9 soubory cookie pou\u017e\u00edv\u00e1me:<\/strong><br \/>Soubory cookie pou\u017e\u00edvan\u00e9 na na\u0161ich str\u00e1nk\u00e1ch lze z hlediska jejich trvanlivosti rozd\u011blit na dva z\u00e1kladn\u00ed typy. Kr\u00e1tkodob\u00e9 tzv. \u201esession cookie\u201c kter\u00e9 jsou pouze do\u010dasn\u00e9 a z\u016fst\u00e1vaj\u00ed ulo\u017eeny ve Va\u0161em prohl\u00ed\u017ee\u010di pouze do t\u00e9 doby, ne\u017e prohl\u00ed\u017ee\u010d zav\u0159ete, a dlouhodob\u011b tzv. \u201epersistent cookie\u201c, kter\u00e9 z\u016fst\u00e1vaj\u00ed ulo\u017eeny ve Va\u0161em za\u0159\u00edzen\u00ed mnohem d\u00e9le nebo dokud je ru\u010dn\u011b neodstran\u00edte (doba ponech\u00e1n\u00ed soubor\u016f cookie ve va\u0161em za\u0159\u00edzen\u00ed z\u00e1vis\u00ed na nastaven\u00ed samotn\u00e9 cookie a nastaven\u00ed va\u0161eho prohl\u00ed\u017ee\u010de).<\/p>\n<p><span style=\"text-decoration: underline;\">Z hlediska funkce, kterou jednotliv\u00e9 cookie pln\u00ed, lze cookie rozd\u011blit na:<\/span><br \/>konverzn\u00ed, kter\u00e9 n\u00e1m umo\u017e\u0148uj\u00ed analyzovat v\u00fdkon r\u016fzn\u00fdch prodejn\u00edch kan\u00e1l\u016f<br \/>trackingov\u00e9 (sledovac\u00ed), kter\u00e9 v kombinaci s konverzn\u00edmi pom\u00e1haj\u00ed analyzovat v\u00fdkon r\u016fzn\u00fdch prodejn\u00edch kan\u00e1l\u016f<br \/>remarketingov\u00e9, kter\u00e9 pou\u017e\u00edv\u00e1me pro personalizaci obsahu reklam a jejich spr\u00e1vn\u00e9mu zac\u00edlen\u00ed<br \/>analytick\u00e9, kter\u00e9 n\u00e1m pom\u00e1haj\u00ed zv\u00fd\u0161it u\u017eivatelsk\u00e9 pohodl\u00ed na\u0161eho webu t\u00edm, \u017ee pochop\u00edme, jak jej u\u017eivatel\u00e9 pou\u017e\u00edvaj\u00ed<br \/>esenci\u00e1ln\u00ed, kter\u00e9 jsou d\u016fle\u017eit\u00e9 pro z\u00e1kladn\u00ed funk\u010dnost webu<\/p>\n<p>N\u011bkter\u00e9 soubory cookie mohou shroma\u017e\u010fovat informace, kter\u00e9 jsou n\u00e1sledn\u011b vyu\u017eity t\u0159et\u00edmi stranami a kter\u00e9 nap\u0159. p\u0159\u00edmo podporuj\u00ed na\u0161e reklamn\u00ed aktivity (tzv. \u201ecookie t\u0159et\u00edch stran\u201c). Podle t\u011bchto \u00fadaj\u016f V\u00e1s v\u0161ak nelze identifikovat.<\/p>\n<p>Cookies n\u00e1mi pou\u017e\u00edvan\u00e9 n\u00e1m umo\u017e\u0148uj\u00ed vylep\u0161it na\u0161e webov\u00e9 str\u00e1nky.<\/p>\n<p>Jestli\u017ee nechcete p\u0159ij\u00edmat cookies, m\u016f\u017eete upravit nastaven\u00ed va\u0161eho prohl\u00ed\u017ee\u010de. Funkce N\u00e1pov\u011bdy p\u0159\u00edmo ve va\u0161em prohl\u00ed\u017ee\u010di vysv\u011btluje jak zm\u011bn\u00edte toto nastaven\u00ed. M\u016f\u017eete tak\u00e9 nav\u0161t\u00edvit www.aboutcookies.org, kter\u00e9 obsahuj\u00ed komplexn\u00ed informace o tom, jak spravovat soubory cookies v \u0161irok\u00e9 \u0161k\u00e1le prohl\u00ed\u017ee\u010d\u016f.<\/p>\n<p>Pros\u00edme berte na v\u011bdom\u00ed, \u017ee d\u00edky blokov\u00e1n\u00ed cookies nemus\u00edte b\u00fdt schopni pln\u011b vyu\u017e\u00edvat ve\u0161ker\u00e9 funkce t\u011bchto webov\u00fdch str\u00e1nek, zejm\u00e9na pou\u017e\u00edv\u00e1n\u00ed rezerva\u010dn\u00edho syst\u00e9mu k dokon\u010den\u00ed rezervace.<\/p>\n<p>[\/et_pb_text][\/et_pb_column][\/et_pb_row][\/et_pb_section]<\/p>","protected":false},"excerpt":{"rendered":"<p>Zpracov\u00e1n\u00ed osobn\u00edch \u00fadaj\u016f Tato politika ochrany soukrom\u00ed a osobn\u00edch \u00fadaj\u016f se t\u00fdk\u00e1 webov\u00e9 str\u00e1nky spole\u010dnosti Rodina z.s., Dandova 2619\/13, Horn\u00ed Po\u010dernice, 193 00 Praha, I\u010c: 17493871, jako spr\u00e1vce osobn\u00edch \u00fadaj\u016f, p\u0159edev\u0161\u00edm str\u00e1nky www.vila-vysehrad.com.Prohl\u00e1\u0161en\u00ed o Ochran\u011b osobn\u00edch \u00fadaj\u016fPros\u00edme, v\u011bnujte \u010das p\u0159e\u010dten\u00ed informac\u00ed o ochran\u011b osobn\u00edch \u00fadaj\u016f. Pro\u010d shroma\u017e\u010fujeme informace?Informace jsou shroma\u017e\u010fov\u00e1ny s c\u00edlem usnadnit proces rezervace [&hellip;]<\/p>","protected":false},"author":2,"featured_media":0,"parent":0,"menu_order":0,"comment_status":"closed","ping_status":"closed","template":"","meta":{"_et_pb_use_builder":"on","_et_pb_old_content":"","_et_gb_content_width":"","footnotes":""},"class_list":["post-230538","page","type-page","status-publish","hentry"],"aioseo_notices":[],"_links":{"self":[{"href":"https:\/\/vila-vysehrad.com\/en\/wp-json\/wp\/v2\/pages\/230538"}],"collection":[{"href":"https:\/\/vila-vysehrad.com\/en\/wp-json\/wp\/v2\/pages"}],"about":[{"href":"https:\/\/vila-vysehrad.com\/en\/wp-json\/wp\/v2\/types\/page"}],"author":[{"embeddable":true,"href":"https:\/\/vila-vysehrad.com\/en\/wp-json\/wp\/v2\/users\/2"}],"replies":[{"embeddable":true,"href":"https:\/\/vila-vysehrad.com\/en\/wp-json\/wp\/v2\/comments?post=230538"}],"version-history":[{"count":4,"href":"https:\/\/vila-vysehrad.com\/en\/wp-json\/wp\/v2\/pages\/230538\/revisions"}],"predecessor-version":[{"id":230544,"href":"https:\/\/vila-vysehrad.com\/en\/wp-json\/wp\/v2\/pages\/230538\/revisions\/230544"}],"wp:attachment":[{"href":"https:\/\/vila-vysehrad.com\/en\/wp-json\/wp\/v2\/media?parent=230538"}],"curies":[{"name":"wp","href":"https:\/\/api.w.org\/{rel}","templated":true}]}}